{"id":693,"date":"2019-10-09T09:15:21","date_gmt":"2019-10-09T09:15:21","guid":{"rendered":"http:\/\/vivariumdemeyrin.ch\/?page_id=693"},"modified":"2023-02-17T08:13:35","modified_gmt":"2023-02-17T08:13:35","slug":"infos-pratiques-version-mobile","status":"publish","type":"page","link":"https:\/\/vivariumdemeyrin.ch\/?page_id=693","title":{"rendered":"Infos Pratiques"},"content":{"rendered":"<p><strong><span style=\"color: #008000;\">Adresse<\/span><\/strong><\/p>\n<p>32a, rue Cardinal-Journet<br \/>\n1217 Meyrin<br \/>\nSuisseT\u00e9l.: +41(0)22.785.60.60<br \/>\nE-Mail:\u00a0<a href=\"mailto:info@vivariumdemeyrin.ch\">Vivarium<br \/>\n<\/a>info@vivariumdemeyrin.ch<\/p>\n<p><strong><span style=\"color: #008000;\">Tarifs*<\/span><\/strong><\/p>\n<p><strong>Tarifs individuels<\/strong><br \/>\nAdultes : 11.-<br \/>\nEnfants<br \/>\n(de 6 \u00e0 16 ans) : 6.-<br \/>\nAVS, AI, \u00e9tudiants, ch\u00f4meurs : 9.-<\/p>\n<p><strong>Tarifs de groupes<br \/>\n<\/strong>(min. 10, max. 20 personnes)<br \/>\nDe 6 \u00e0 16 ans : 5.-<br \/>\nPlus de 16 ans : 8.-<br \/>\nSuppl\u00e9ment pour visite guid\u00e9e (sur r\u00e9servation) : 50.-<\/p>\n<p><strong>Abonnement<\/strong><\/p>\n<p>Abonnement annuel (+ 10% de r\u00e9duction pour accompagnants): 50,-<\/p>\n<p><strong><a href=\"?page_id=120\">Anniversaires<\/a> <\/strong>(sur r\u00e9servation) : 250.-<\/p>\n<p><strong><span style=\"color: #008000;\">Horaires*\u00a0<\/span><\/strong><\/p>\n<p>Lundi au Vendredi : 14h \u00e0 17h<br \/>\nSamedi et Dimanche : 10h \u00e0 17h.<\/p>\n<p>Durant toutes <span style=\"text-decoration: underline;\">les vacances scolaires<\/span> (dates voir<a href=\"https:\/\/www.ge.ch\/vacances-scolaires-jours-feries\/vacances-scolaires-2022-2023\"> ici<\/a>), le Vivarium est ouvert sans interruption de 10h \u00e0 17h.<\/p>\n<p><strong>Anniversaires enfants<\/strong><br \/>\nMe 14h-16h30, sa et di\u00a010h-12h30 et 14h00-16h30<\/p>\n<p>Nous acceptons les cartes de paiement suivantes : Mastercard, Maestro, Visa et Postcard.<br \/>\n*Les tarifs et horaires sont modifiables en tout temps et sans pr\u00e9avis, seuls sont valides ceux affich\u00e9s sur place au Vivarium de Meyrin.<\/p>\n<p>En tram (lignes 14 et 18) jusqu&rsquo;\u00e0 l&rsquo;arr\u00eat Jardin-Alpin-Vivarium<br \/>\nEn bus (ligne 57) jusqu&rsquo;\u00e0 l&rsquo;arr\u00eat Jardin-Alpin-Vivarium<\/p>\n","protected":false},"excerpt":{"rendered":"<p>Adresse 32a, rue Cardinal-Journet 1217 Meyrin SuisseT\u00e9l.: +41(0)22.785.60.60 E-Mail:\u00a0Vivarium info@vivariumdemeyrin.ch Tarifs* Tarifs individuels Adultes : 11.- Enfants (de 6 \u00e0 16 ans) : 6.- AVS, AI, \u00e9tudiants, ch\u00f4meurs : 9.- Tarifs de groupes (min. 10, max. 20 personnes) De 6 \u00e0 16 ans : 5.- Plus de 16 ans : 8.- Suppl\u00e9ment pour visite guid\u00e9e <a href=\"https:\/\/vivariumdemeyrin.ch\/?page_id=693\" rel=\"nofollow\"><span class=\"sr-only\">En savoir plus surInfos Pratiques<\/span>[&hellip;]<\/a><\/p>\n","protected":false},"author":2,"featured_media":0,"parent":0,"menu_order":0,"comment_status":"closed","ping_status":"closed","template":"","meta":{"jetpack_post_was_ever_published":false},"jetpack_sharing_enabled":true,"jetpack_shortlink":"https:\/\/wp.me\/P6KoXt-bb","jetpack-related-posts":[{"id":13,"url":"https:\/\/vivariumdemeyrin.ch\/?page_id=13","url_meta":{"origin":693,"position":0},"title":"Infos Pratiques","date":"14 ao\u00fbt 2015","format":false,"excerpt":"Adresse Tarifs* Horaires* 32a, rue Cardinal-Journet 1217 Meyrin SuisseT\u00e9l.: +41(0)22.785.60.60 E-Mail:\u00a0Vivarium info@vivariumdemeyrin.ch Tarifs individuels Adultes : 11.- Enfants (de 6 \u00e0 16 ans) : 6.- AVS, AI, \u00e9tudiants, ch\u00f4meurs : 9.-Tarifs de groupe (min. 10, max. 20 personnes) De 6 \u00e0 16 ans : 5.- Plus de 16 ans :\u2026","rel":"","context":"Article similaire","img":{"alt_text":"","src":"","width":0,"height":0},"classes":[]},{"id":120,"url":"https:\/\/vivariumdemeyrin.ch\/?page_id=120","url_meta":{"origin":693,"position":1},"title":"Anniversaires","date":"17 septembre 2015","format":false,"excerpt":"UNIQUEMENT SUR RESERVATION Venez f\u00eater l\u2019anniversaire de votre enfant (d\u00e8s 8 ans) au Vivarium le : mercredi de 14\u00a0:00 \u00e0 16\u00a0:30 samedi et dimanche de 10\u00a0:00 \u00e0 12\u00a0:30 ou de\u00a014\u00a0:00 \u00e0 16\u00a0:30 Au terme d'une visite guid\u00e9e d\u2019environ 1 heure, une salle sp\u00e9cialement am\u00e9nag\u00e9e vous attend et si le temps\u2026","rel":"","context":"Article similaire","img":{"alt_text":"","src":"","width":0,"height":0},"classes":[]},{"id":420,"url":"https:\/\/vivariumdemeyrin.ch\/?page_id=420","url_meta":{"origin":693,"position":2},"title":"Historique","date":"2 septembre 2016","format":false,"excerpt":"1979 En juin, trois herp\u00e9tologistes amateurs d\u00e9cident de se regrouper et fondent\u00a0Elapso\u00efdea\u00a0(nom de genre d'un serpent fouisseur africain). 1980 Elapso\u00efdea, vivarium priv\u00e9, se dote du statut d'Association \u00e0 but non lucratif et compte cinq membres. L'association organise une \u00e9cole des reptiles,\u00a0Elapso\u00efdea juv\u00e9nile,\u00a0qui compte quatre membres. 1981 Elapso\u00efdea\u00a0organise une tourn\u00e9e dans\u2026","rel":"","context":"Article similaire","img":{"alt_text":"","src":"","width":0,"height":0},"classes":[]},{"id":11,"url":"https:\/\/vivariumdemeyrin.ch\/?page_id=11","url_meta":{"origin":693,"position":3},"title":"Historique ancien","date":"14 ao\u00fbt 2015","format":false,"excerpt":"1979 En juin, trois herp\u00e9tologistes amateurs d\u00e9cident de se regrouper et fondent\u00a0Elapso\u00efdea\u00a0(nom de genre d'un serpent fouisseur africain). 1980 Elapso\u00efdea, vivarium priv\u00e9, se dote du statut d'Association \u00e0 but non lucratif et compte cinq membres. L'association organise une \u00e9cole des reptiles,\u00a0Elapso\u00efdea juv\u00e9nile,\u00a0qui compte quatre membres. 1981 Elapso\u00efdea\u00a0organise une tourn\u00e9e dans\u2026","rel":"","context":"Article similaire","img":{"alt_text":"","src":"https:\/\/i0.wp.com\/www.vivariumdemeyrin.ch\/images\/site\/historique.jpg?resize=350%2C200","width":350,"height":200},"classes":[]},{"id":396,"url":"https:\/\/vivariumdemeyrin.ch\/?page_id=396","url_meta":{"origin":693,"position":4},"title":"Devenez Membres","date":"2 septembre 2016","format":false,"excerpt":"Vous avez \u00e9t\u00e9 s\u00e9duit par votre visite et vous souhaitez soutenir les activit\u00e9s du Vivarium de Meyrin\u00a0? Vous \u00eates herp\u00e9tologiste amateur, quel que soit votre niveau et souhaitez participer aux activit\u00e9s terrariophiles propos\u00e9es par l\u2019association\u00a0? Devenez membre de l\u2019association\u00a0Elapso\u00efdea \u2013 Vivarium de Meyrin\u00a0: Cotisation individuelle 50.- par ann\u00e9e. Pour ce\u2026","rel":"","context":"Article similaire","img":{"alt_text":"","src":"","width":0,"height":0},"classes":[]},{"id":206,"url":"https:\/\/vivariumdemeyrin.ch\/?page_id=206","url_meta":{"origin":693,"position":5},"title":"Association Elapso\u00efdea","date":"10 mai 2016","format":false,"excerpt":"Devenez membres ! Vous avez \u00e9t\u00e9 s\u00e9duit par votre visite et vous souhaitez soutenir les activit\u00e9s du Vivarium de Meyrin ? Vous \u00eates herp\u00e9tologiste amateur, quel que soit votre niveau et souhaitez participer aux activit\u00e9s terrariophiles propos\u00e9es par l\u2019association ? Devenez membre de l\u2019association Elapso\u00efdea \u2013 Vivarium de Meyrin\u00a0: Cotisation\u2026","rel":"","context":"Article similaire","img":{"alt_text":"","src":"","width":0,"height":0},"classes":[]}],"_links":{"self":[{"href":"https:\/\/vivariumdemeyrin.ch\/index.php?rest_route=\/wp\/v2\/pages\/693"}],"collection":[{"href":"https:\/\/vivariumdemeyrin.ch\/index.php?rest_route=\/wp\/v2\/pages"}],"about":[{"href":"https:\/\/vivariumdemeyrin.ch\/index.php?rest_route=\/wp\/v2\/types\/page"}],"author":[{"embeddable":true,"href":"https:\/\/vivariumdemeyrin.ch\/index.php?rest_route=\/wp\/v2\/users\/2"}],"replies":[{"embeddable":true,"href":"https:\/\/vivariumdemeyrin.ch\/index.php?rest_route=%2Fwp%2Fv2%2Fcomments&post=693"}],"version-history":[{"count":10,"href":"https:\/\/vivariumdemeyrin.ch\/index.php?rest_route=\/wp\/v2\/pages\/693\/revisions"}],"predecessor-version":[{"id":1305,"href":"https:\/\/vivariumdemeyrin.ch\/index.php?rest_route=\/wp\/v2\/pages\/693\/revisions\/1305"}],"wp:attachment":[{"href":"https:\/\/vivariumdemeyrin.ch\/index.php?rest_route=%2Fwp%2Fv2%2Fmedia&parent=693"}],"curies":[{"name":"wp","href":"https:\/\/api.w.org\/{rel}","templated":true}]}}