{"id":27,"date":"2015-08-14T17:56:44","date_gmt":"2015-08-14T17:56:44","guid":{"rendered":"http:\/\/vivariumdemeyrin.ch\/wp\/?page_id=27"},"modified":"2016-09-02T12:42:57","modified_gmt":"2016-09-02T12:42:57","slug":"soutenez-le-vivarium","status":"publish","type":"page","link":"https:\/\/vivariumdemeyrin.ch\/?page_id=27","title":{"rendered":"Soutenez le Vivarium"},"content":{"rendered":"<p>Le Vivarium d\u00e9pend en partie des donations re\u00e7ues chaque ann\u00e9e. Gr\u00e2ce \u00e0 vous, nos projets sont en constante \u00e9volution. Pour nous soutenir, plusieurs possibilit\u00e9s vous sont propos\u00e9es.<\/p>\n<p><strong><span style=\"color: #008000;\">Sponsor<\/span><\/strong>\u00a0:<\/p>\n<p><u>Vos avantages<\/u>\u00a0:<\/p>\n<p>Votre logo figure de fa\u00e7on bien visible sur tous nos supports de communication.<\/p>\n<ul>\n<li><em>Panneau \u00e0 l\u2019entr\u00e9e du vivarium\u00a0: <strong>votre entreprise accueille nos 10&rsquo;000 visiteurs annuels<\/strong>!<\/em><\/li>\n<li><em>Site internet, d\u00e9pliants, affiches, annonces presse, communiqu\u00e9s de presse<\/em><\/li>\n<\/ul>\n<p><strong><span style=\"color: #008000;\">Co-sponsor<\/span>\u00a0:<\/strong><\/p>\n<p><u>Vos avantages<\/u>\u00a0:<\/p>\n<p>En tant que co-sponsor vous pouvez supporter, au choix\u00a0:<\/p>\n<ul>\n<li><strong>\u00a0<\/strong><strong><em>La nurserie<\/em><\/strong><\/li>\n<li><strong><em>Les 70 terrariums\u00a0<\/em><\/strong><em>et leurs <\/em><em>120 habitants<\/em><\/li>\n<li><strong><em>Le service p\u00e9dagogique\u00a0&#8211; <\/em><\/strong><em>accueil de groupes scolaires\u00a0: pr\u00e9sentation d\u2019esp\u00e8ces par les soigneurs animaliers, visites guid\u00e9es th\u00e9matiques, Ecole des reptiles.<\/em><\/li>\n<\/ul>\n<p><strong>Consultez nos documents de sponsoring\u00a0:<\/strong><\/p>\n<ul>\n<li><em><u>Devenir sponsor ou co-sponsor<\/u><\/em><\/li>\n<li><em><u>Dossier de sponsoring<\/u><\/em><\/li>\n<\/ul>\n<p><strong><span style=\"color: #008000;\">Parrainage<\/span>\u00a0:<\/strong><\/p>\n<p>Un animal vous a s\u00e9duit lors de votre visite au Vivarium, et vous souhaitez contribuer \u00e0 ses soins\u00a0?<\/p>\n<p>Choisissez dans la liste un ou des animaux \u00e0 parrainer.<\/p>\n<table>\n<tbody>\n<tr>\n<td width=\"170\">\u0092 Tortue bo\u00eete<\/td>\n<td width=\"170\">\u0092 L\u00e9zard ocell\u00e9<\/td>\n<td width=\"170\">\u0092 Cobra des For\u00eats<\/td>\n<\/tr>\n<tr>\n<td width=\"170\">\u0092 Matamata<\/td>\n<td width=\"170\">\u0092 Varan des savanes<\/td>\n<td width=\"170\">\u0092 Mamba vert<\/td>\n<\/tr>\n<tr>\n<td width=\"170\">\u0092 Tortue \u00e0 nez de cochon<\/td>\n<td width=\"170\">\u0092 Monstre de Gila<\/td>\n<td width=\"170\">\u0092 Crotale diamantin<\/td>\n<\/tr>\n<tr>\n<td width=\"170\">\u0092 Cistude d\u2019europe<\/td>\n<td width=\"170\">\u0092 Python royal<\/td>\n<td width=\"170\">\u0092 Crotale des bambous<\/td>\n<\/tr>\n<tr>\n<td width=\"170\">\u0092 Tortue de Hermann<\/td>\n<td width=\"170\">\u0092 Python vert<\/td>\n<td width=\"170\">\u0092 Vip\u00e8re du Gabon<\/td>\n<\/tr>\n<tr>\n<td width=\"170\">\u0092 Tortue charbonni\u00e8re<\/td>\n<td width=\"170\">\u0092 Boa de la Jama\u00efque<\/td>\n<td width=\"170\">\u0092 Ca\u00efman \u00e0 lunette<\/td>\n<\/tr>\n<tr>\n<td width=\"170\">\u0092 Cam\u00e9l\u00e9on casqu\u00e9<\/td>\n<td width=\"170\">\u0092 Boa de Madagascar<\/td>\n<td width=\"170\">\u0092 Grenouille myst\u00e9rieuse<\/td>\n<\/tr>\n<tr>\n<td width=\"170\">\u0092 Agame \u00e0 barbe<\/td>\n<td width=\"170\">\u0092 Serpent des bl\u00e9s<\/td>\n<td width=\"170\">\u0092 Mygale <em>Brachypelma<\/em><\/td>\n<\/tr>\n<tr>\n<td width=\"170\">\u0092 Dragon d\u2019eau<\/td>\n<td width=\"170\">\u0092 Serpent roi<\/td>\n<td width=\"170\">\u0092 Couleuvre d\u2019esculape<\/td>\n<\/tr>\n<tr>\n<td width=\"170\">\u0092 Iguane vert<\/td>\n<td width=\"170\">\u0092 Couleuvre faux-corail<\/td>\n<td width=\"170\">\u0092 Vip\u00e8re aspic<\/td>\n<\/tr>\n<\/tbody>\n<\/table>\n<p><em>Et inscrivez-vous sans plus attendre.<\/em><\/p>\n","protected":false},"excerpt":{"rendered":"<p>Le Vivarium d\u00e9pend en partie des donations re\u00e7ues chaque ann\u00e9e. Gr\u00e2ce \u00e0 vous, nos projets sont en constante \u00e9volution. Pour nous soutenir, plusieurs possibilit\u00e9s vous sont propos\u00e9es. Sponsor\u00a0: Vos avantages\u00a0: Votre logo figure de fa\u00e7on bien visible sur tous nos supports de communication. Panneau \u00e0 l\u2019entr\u00e9e du vivarium\u00a0: votre entreprise accueille nos 10&rsquo;000 visiteurs annuels! <a href=\"https:\/\/vivariumdemeyrin.ch\/?page_id=27\" rel=\"nofollow\"><span class=\"sr-only\">En savoir plus surSoutenez le Vivarium<\/span>[&hellip;]<\/a><\/p>\n","protected":false},"author":1,"featured_media":0,"parent":0,"menu_order":0,"comment_status":"closed","ping_status":"open","template":"","meta":{"jetpack_post_was_ever_published":false},"jetpack_sharing_enabled":true,"jetpack_shortlink":"https:\/\/wp.me\/P6KoXt-r","jetpack-related-posts":[{"id":396,"url":"https:\/\/vivariumdemeyrin.ch\/?page_id=396","url_meta":{"origin":27,"position":0},"title":"Devenez Membres","date":"2 septembre 2016","format":false,"excerpt":"Vous avez \u00e9t\u00e9 s\u00e9duit par votre visite et vous souhaitez soutenir les activit\u00e9s du Vivarium de Meyrin\u00a0? Vous \u00eates herp\u00e9tologiste amateur, quel que soit votre niveau et souhaitez participer aux activit\u00e9s terrariophiles propos\u00e9es par l\u2019association\u00a0? Devenez membre de l\u2019association\u00a0Elapso\u00efdea \u2013 Vivarium de Meyrin\u00a0: Cotisation individuelle 50.- par ann\u00e9e. Pour ce\u2026","rel":"","context":"Article similaire","img":{"alt_text":"","src":"","width":0,"height":0},"classes":[]},{"id":206,"url":"https:\/\/vivariumdemeyrin.ch\/?page_id=206","url_meta":{"origin":27,"position":1},"title":"Association Elapso\u00efdea","date":"10 mai 2016","format":false,"excerpt":"Devenez membres ! Vous avez \u00e9t\u00e9 s\u00e9duit par votre visite et vous souhaitez soutenir les activit\u00e9s du Vivarium de Meyrin ? Vous \u00eates herp\u00e9tologiste amateur, quel que soit votre niveau et souhaitez participer aux activit\u00e9s terrariophiles propos\u00e9es par l\u2019association ? Devenez membre de l\u2019association Elapso\u00efdea \u2013 Vivarium de Meyrin\u00a0: Cotisation\u2026","rel":"","context":"Article similaire","img":{"alt_text":"","src":"","width":0,"height":0},"classes":[]},{"id":295,"url":"https:\/\/vivariumdemeyrin.ch\/?page_id=295","url_meta":{"origin":27,"position":2},"title":"La Pension","date":"1 septembre 2016","format":false,"excerpt":"Animaux recueillis\u00a0: Depuis quelques ann\u00e9es, la cote de popularit\u00e9 des reptiles ne cesse d\u2019augmenter. Cela est d\u00fb non seulement \u00e0 un acc\u00e8s aux informations les concernant, bien plus facile qu\u2019autrefois (web), mais surtout \u00e0 l\u2019ouverture croissante de commerces sp\u00e9cialis\u00e9s dans la vente de ces \u00ab\u00a0NAC\u00a0\u00bb \u00a0(nouveaux animaux de compagnie). Malheureusement,\u2026","rel":"","context":"Article similaire","img":{"alt_text":"","src":"","width":0,"height":0},"classes":[]},{"id":23,"url":"https:\/\/vivariumdemeyrin.ch\/?page_id=23","url_meta":{"origin":27,"position":3},"title":"Partenaires","date":"14 ao\u00fbt 2015","format":false,"excerpt":"Zoo de La Garenne Fondation du Parc zoologique La Garenne \u00a0 Jardin Botanique A proximit\u00e9 imm\u00e9diate du centre-ville et inscrit dans la ceinture de parcs entourant le lac, le Jardin botanique offre \u00e0 ses visiteurs un magnifique panorama sur les Alpes, une large porte ouverte sur la nature. Passeport Loisirs\u2026","rel":"","context":"Article similaire","img":{"alt_text":"","src":"","width":0,"height":0},"classes":[]},{"id":15,"url":"https:\/\/vivariumdemeyrin.ch\/?page_id=15","url_meta":{"origin":27,"position":4},"title":"L&rsquo;Exposition ancien","date":"14 ao\u00fbt 2015","format":false,"excerpt":"L\u2019exposition, qui se d\u00e9veloppe sur 2 \u00e9tages, vous d\u00e9voilera tous les secrets des reptiles, batraciens et arachnides dans les divers milieux qu\u2019ils occupent actuellement. \u00a0 \u00a0 \u00a0 Les naissances du Vivarium Chaque ann\u00e9e, nous avons la chance de voir se reproduire un bon nombre de nos pensionnaires. Qu\u2019ils soient ovipares,\u2026","rel":"","context":"Article similaire","img":{"alt_text":"","src":"https:\/\/i0.wp.com\/vivariumdemeyrin.ch\/wp-content\/uploads\/2016\/09\/nurserie-300x217.jpg?resize=350%2C200","width":350,"height":200},"classes":[]},{"id":275,"url":"https:\/\/vivariumdemeyrin.ch\/?page_id=275","url_meta":{"origin":27,"position":5},"title":"La Nurserie","date":"1 septembre 2016","format":false,"excerpt":"Les naissances du Vivarium Chaque ann\u00e9e, nous avons la chance de voir se reproduire un bon nombre de nos pensionnaires. Qu\u2019ils soient ovipares, ovovivipares ou vivipares, les \u0153ufs ou les nouveaux-n\u00e9s sont expos\u00e9s dans la nurserie, un espace sp\u00e9cialement adapt\u00e9 et cr\u00e9\u00e9 en 2008. Corucia zebrata \u00a0 Phelsuma grandis Testudo\u2026","rel":"","context":"Article similaire","img":{"alt_text":"","src":"https:\/\/i0.wp.com\/vivariumdemeyrin.ch\/wp\/wp-content\/uploads\/2016\/09\/nurserie-300x217.jpg?resize=350%2C200","width":350,"height":200},"classes":[]}],"_links":{"self":[{"href":"https:\/\/vivariumdemeyrin.ch\/index.php?rest_route=\/wp\/v2\/pages\/27"}],"collection":[{"href":"https:\/\/vivariumdemeyrin.ch\/index.php?rest_route=\/wp\/v2\/pages"}],"about":[{"href":"https:\/\/vivariumdemeyrin.ch\/index.php?rest_route=\/wp\/v2\/types\/page"}],"author":[{"embeddable":true,"href":"https:\/\/vivariumdemeyrin.ch\/index.php?rest_route=\/wp\/v2\/users\/1"}],"replies":[{"embeddable":true,"href":"https:\/\/vivariumdemeyrin.ch\/index.php?rest_route=%2Fwp%2Fv2%2Fcomments&post=27"}],"version-history":[{"count":9,"href":"https:\/\/vivariumdemeyrin.ch\/index.php?rest_route=\/wp\/v2\/pages\/27\/revisions"}],"predecessor-version":[{"id":394,"href":"https:\/\/vivariumdemeyrin.ch\/index.php?rest_route=\/wp\/v2\/pages\/27\/revisions\/394"}],"wp:attachment":[{"href":"https:\/\/vivariumdemeyrin.ch\/index.php?rest_route=%2Fwp%2Fv2%2Fmedia&parent=27"}],"curies":[{"name":"wp","href":"https:\/\/api.w.org\/{rel}","templated":true}]}}