{"id":206,"date":"2016-05-10T17:17:15","date_gmt":"2016-05-10T17:17:15","guid":{"rendered":"http:\/\/vivariumdemeyrin.ch\/wp\/?page_id=206"},"modified":"2022-11-07T15:38:15","modified_gmt":"2022-11-07T15:38:15","slug":"association-elapsoidea","status":"publish","type":"page","link":"https:\/\/vivariumdemeyrin.ch\/?page_id=206","title":{"rendered":"Association Elapso\u00efdea"},"content":{"rendered":"<p><strong><span style=\"color: #008000;\">Devenez membres !<\/span><\/strong><\/p>\n<p>Vous avez \u00e9t\u00e9 s\u00e9duit par votre visite et vous souhaitez soutenir les activit\u00e9s du Vivarium de Meyrin ?<\/p>\n<p>Vous \u00eates herp\u00e9tologiste amateur, quel que soit votre niveau et souhaitez participer aux activit\u00e9s <strong><span style=\"color: #008000;\">terrariophiles propos\u00e9es<\/span><\/strong> par l\u2019association ?<\/p>\n<p><span style=\"color: #008000;\"><strong>Devenez membre<\/strong><\/span> de l\u2019association <span style=\"color: #000000;\"><strong>Elapso\u00efdea \u2013 Vivarium de Meyrin<\/strong><\/span>\u00a0:<\/p>\n<ul>\n<li>Cotisation individuelle 50.- par ann\u00e9e.<\/li>\n<\/ul>\n<table>\n<tbody>\n<tr>\n<td width=\"243\"><strong>Versement pour\u00a0:<\/strong><\/td>\n<td width=\"699\"><strong>En faveur de\u00a0:<\/strong><\/td>\n<\/tr>\n<tr>\n<td width=\"243\">Banque Raiffeisen de Meyrin<br \/>\n1217 Meyrin<\/td>\n<td width=\"699\">IBAN : CH54 8080 8007 4125 0545 9<br \/>\nAssociation Elapsoidea &#8211; Vivarium de Meyrin<br \/>\n32a, rue du Cardinal -Journet\u00a0 \u2013 1217 Meyrin<\/td>\n<\/tr>\n<\/tbody>\n<\/table>\n","protected":false},"excerpt":{"rendered":"<p>Devenez membres ! Vous avez \u00e9t\u00e9 s\u00e9duit par votre visite et vous souhaitez soutenir les activit\u00e9s du Vivarium de Meyrin ? Vous \u00eates herp\u00e9tologiste amateur, quel que soit votre niveau et souhaitez participer aux activit\u00e9s terrariophiles propos\u00e9es par l\u2019association ? Devenez membre de l\u2019association Elapso\u00efdea \u2013 Vivarium de Meyrin\u00a0: Cotisation individuelle 50.- par ann\u00e9e. Versement <a href=\"https:\/\/vivariumdemeyrin.ch\/?page_id=206\" rel=\"nofollow\"><span class=\"sr-only\">En savoir plus surAssociation Elapso\u00efdea<\/span>[&hellip;]<\/a><\/p>\n","protected":false},"author":1,"featured_media":0,"parent":0,"menu_order":0,"comment_status":"closed","ping_status":"closed","template":"","meta":{"jetpack_post_was_ever_published":false},"jetpack_sharing_enabled":true,"jetpack_shortlink":"https:\/\/wp.me\/P6KoXt-3k","jetpack-related-posts":[{"id":396,"url":"https:\/\/vivariumdemeyrin.ch\/?page_id=396","url_meta":{"origin":206,"position":0},"title":"Devenez Membres","date":"2 septembre 2016","format":false,"excerpt":"Vous avez \u00e9t\u00e9 s\u00e9duit par votre visite et vous souhaitez soutenir les activit\u00e9s du Vivarium de Meyrin\u00a0? Vous \u00eates herp\u00e9tologiste amateur, quel que soit votre niveau et souhaitez participer aux activit\u00e9s terrariophiles propos\u00e9es par l\u2019association\u00a0? Devenez membre de l\u2019association\u00a0Elapso\u00efdea \u2013 Vivarium de Meyrin\u00a0: Cotisation individuelle 50.- par ann\u00e9e. Pour ce\u2026","rel":"","context":"Article similaire","img":{"alt_text":"","src":"","width":0,"height":0},"classes":[]},{"id":72,"url":"https:\/\/vivariumdemeyrin.ch\/?page_id=72","url_meta":{"origin":206,"position":1},"title":"Devenez Membres ancien","date":"17 septembre 2015","format":false,"excerpt":"Vous \u00eates s\u00e9duit par l\u2019id\u00e9e de venir voir \u00e9voluer les animaux plusieurs fois dans l\u2019ann\u00e9e\u00a0? Devenez membre passif, individuel ou familial\u00a0: -\u00a0Cotisation individuelle\u00a0\u00a0\u00a0 50.- par Ou par BVR : Versement pour En Faveur de Banque Raiffeisen de Meyrin 1217 Meyrin IBAN : CH14 8020 6000 0030 5751 6 Association Elapsoidea-Vivarium\u2026","rel":"","context":"Article similaire","img":{"alt_text":"","src":"https:\/\/i0.wp.com\/vivariumdemeyrin.ch\/images\/site\/membre.jpg?resize=350%2C200","width":350,"height":200},"classes":[]},{"id":420,"url":"https:\/\/vivariumdemeyrin.ch\/?page_id=420","url_meta":{"origin":206,"position":2},"title":"Historique","date":"2 septembre 2016","format":false,"excerpt":"1979 En juin, trois herp\u00e9tologistes amateurs d\u00e9cident de se regrouper et fondent\u00a0Elapso\u00efdea\u00a0(nom de genre d'un serpent fouisseur africain). 1980 Elapso\u00efdea, vivarium priv\u00e9, se dote du statut d'Association \u00e0 but non lucratif et compte cinq membres. L'association organise une \u00e9cole des reptiles,\u00a0Elapso\u00efdea juv\u00e9nile,\u00a0qui compte quatre membres. 1981 Elapso\u00efdea\u00a0organise une tourn\u00e9e dans\u2026","rel":"","context":"Article similaire","img":{"alt_text":"","src":"","width":0,"height":0},"classes":[]},{"id":295,"url":"https:\/\/vivariumdemeyrin.ch\/?page_id=295","url_meta":{"origin":206,"position":3},"title":"La Pension","date":"1 septembre 2016","format":false,"excerpt":"Animaux recueillis\u00a0: Depuis quelques ann\u00e9es, la cote de popularit\u00e9 des reptiles ne cesse d\u2019augmenter. Cela est d\u00fb non seulement \u00e0 un acc\u00e8s aux informations les concernant, bien plus facile qu\u2019autrefois (web), mais surtout \u00e0 l\u2019ouverture croissante de commerces sp\u00e9cialis\u00e9s dans la vente de ces \u00ab\u00a0NAC\u00a0\u00bb \u00a0(nouveaux animaux de compagnie). Malheureusement,\u2026","rel":"","context":"Article similaire","img":{"alt_text":"","src":"","width":0,"height":0},"classes":[]},{"id":11,"url":"https:\/\/vivariumdemeyrin.ch\/?page_id=11","url_meta":{"origin":206,"position":4},"title":"Historique ancien","date":"14 ao\u00fbt 2015","format":false,"excerpt":"1979 En juin, trois herp\u00e9tologistes amateurs d\u00e9cident de se regrouper et fondent\u00a0Elapso\u00efdea\u00a0(nom de genre d'un serpent fouisseur africain). 1980 Elapso\u00efdea, vivarium priv\u00e9, se dote du statut d'Association \u00e0 but non lucratif et compte cinq membres. L'association organise une \u00e9cole des reptiles,\u00a0Elapso\u00efdea juv\u00e9nile,\u00a0qui compte quatre membres. 1981 Elapso\u00efdea\u00a0organise une tourn\u00e9e dans\u2026","rel":"","context":"Article similaire","img":{"alt_text":"","src":"https:\/\/i0.wp.com\/www.vivariumdemeyrin.ch\/images\/site\/historique.jpg?resize=350%2C200","width":350,"height":200},"classes":[]},{"id":2,"url":"https:\/\/vivariumdemeyrin.ch\/?page_id=2","url_meta":{"origin":206,"position":5},"title":"Bienvenue au Vivarium de Meyrin ancienne","date":"14 ao\u00fbt 2015","format":false,"excerpt":"\u00a0 32a, rue Cardinal-Journet 1217 Meyrin Suisse T\u00e9l.: +41(0)22.785.60.60 \u00a0 \u00a0 \u00a0 \u00a0","rel":"","context":"Article similaire","img":{"alt_text":"","src":"","width":0,"height":0},"classes":[]}],"_links":{"self":[{"href":"https:\/\/vivariumdemeyrin.ch\/index.php?rest_route=\/wp\/v2\/pages\/206"}],"collection":[{"href":"https:\/\/vivariumdemeyrin.ch\/index.php?rest_route=\/wp\/v2\/pages"}],"about":[{"href":"https:\/\/vivariumdemeyrin.ch\/index.php?rest_route=\/wp\/v2\/types\/page"}],"author":[{"embeddable":true,"href":"https:\/\/vivariumdemeyrin.ch\/index.php?rest_route=\/wp\/v2\/users\/1"}],"replies":[{"embeddable":true,"href":"https:\/\/vivariumdemeyrin.ch\/index.php?rest_route=%2Fwp%2Fv2%2Fcomments&post=206"}],"version-history":[{"count":8,"href":"https:\/\/vivariumdemeyrin.ch\/index.php?rest_route=\/wp\/v2\/pages\/206\/revisions"}],"predecessor-version":[{"id":733,"href":"https:\/\/vivariumdemeyrin.ch\/index.php?rest_route=\/wp\/v2\/pages\/206\/revisions\/733"}],"wp:attachment":[{"href":"https:\/\/vivariumdemeyrin.ch\/index.php?rest_route=%2Fwp%2Fv2%2Fmedia&parent=206"}],"curies":[{"name":"wp","href":"https:\/\/api.w.org\/{rel}","templated":true}]}}