{"id":203,"date":"2016-05-10T17:16:21","date_gmt":"2016-05-10T17:16:21","guid":{"rendered":"http:\/\/vivariumdemeyrin.ch\/wp\/?page_id=203"},"modified":"2016-09-02T14:47:09","modified_gmt":"2016-09-02T14:47:09","slug":"association","status":"publish","type":"page","link":"https:\/\/vivariumdemeyrin.ch\/?page_id=203","title":{"rendered":"Association"},"content":{"rendered":"<p><a href=\"?page_id=206\">Association Elapso\u00efdea<\/a><\/p>\n<p><a href=\"?page_id=9\">Ecole des reptiles<\/a><\/p>\n","protected":false},"excerpt":{"rendered":"<p>Association Elapso\u00efdea Ecole des reptiles<\/p>\n","protected":false},"author":1,"featured_media":0,"parent":0,"menu_order":0,"comment_status":"closed","ping_status":"closed","template":"","meta":{"jetpack_post_was_ever_published":false},"jetpack_sharing_enabled":true,"jetpack_shortlink":"https:\/\/wp.me\/P6KoXt-3h","jetpack-related-posts":[{"id":11,"url":"https:\/\/vivariumdemeyrin.ch\/?page_id=11","url_meta":{"origin":203,"position":0},"title":"Historique ancien","date":"14 ao\u00fbt 2015","format":false,"excerpt":"1979 En juin, trois herp\u00e9tologistes amateurs d\u00e9cident de se regrouper et fondent\u00a0Elapso\u00efdea\u00a0(nom de genre d'un serpent fouisseur africain). 1980 Elapso\u00efdea, vivarium priv\u00e9, se dote du statut d'Association \u00e0 but non lucratif et compte cinq membres. L'association organise une \u00e9cole des reptiles,\u00a0Elapso\u00efdea juv\u00e9nile,\u00a0qui compte quatre membres. 1981 Elapso\u00efdea\u00a0organise une tourn\u00e9e dans\u2026","rel":"","context":"Article similaire","img":{"alt_text":"","src":"https:\/\/i0.wp.com\/www.vivariumdemeyrin.ch\/images\/site\/historique.jpg?resize=350%2C200","width":350,"height":200},"classes":[]},{"id":420,"url":"https:\/\/vivariumdemeyrin.ch\/?page_id=420","url_meta":{"origin":203,"position":1},"title":"Historique","date":"2 septembre 2016","format":false,"excerpt":"1979 En juin, trois herp\u00e9tologistes amateurs d\u00e9cident de se regrouper et fondent\u00a0Elapso\u00efdea\u00a0(nom de genre d'un serpent fouisseur africain). 1980 Elapso\u00efdea, vivarium priv\u00e9, se dote du statut d'Association \u00e0 but non lucratif et compte cinq membres. L'association organise une \u00e9cole des reptiles,\u00a0Elapso\u00efdea juv\u00e9nile,\u00a0qui compte quatre membres. 1981 Elapso\u00efdea\u00a0organise une tourn\u00e9e dans\u2026","rel":"","context":"Article similaire","img":{"alt_text":"","src":"","width":0,"height":0},"classes":[]},{"id":206,"url":"https:\/\/vivariumdemeyrin.ch\/?page_id=206","url_meta":{"origin":203,"position":2},"title":"Association Elapso\u00efdea","date":"10 mai 2016","format":false,"excerpt":"Devenez membres ! Vous avez \u00e9t\u00e9 s\u00e9duit par votre visite et vous souhaitez soutenir les activit\u00e9s du Vivarium de Meyrin ? Vous \u00eates herp\u00e9tologiste amateur, quel que soit votre niveau et souhaitez participer aux activit\u00e9s terrariophiles propos\u00e9es par l\u2019association ? Devenez membre de l\u2019association Elapso\u00efdea \u2013 Vivarium de Meyrin\u00a0: Cotisation\u2026","rel":"","context":"Article similaire","img":{"alt_text":"","src":"","width":0,"height":0},"classes":[]},{"id":295,"url":"https:\/\/vivariumdemeyrin.ch\/?page_id=295","url_meta":{"origin":203,"position":3},"title":"La Pension","date":"1 septembre 2016","format":false,"excerpt":"Animaux recueillis\u00a0: Depuis quelques ann\u00e9es, la cote de popularit\u00e9 des reptiles ne cesse d\u2019augmenter. Cela est d\u00fb non seulement \u00e0 un acc\u00e8s aux informations les concernant, bien plus facile qu\u2019autrefois (web), mais surtout \u00e0 l\u2019ouverture croissante de commerces sp\u00e9cialis\u00e9s dans la vente de ces \u00ab\u00a0NAC\u00a0\u00bb \u00a0(nouveaux animaux de compagnie). Malheureusement,\u2026","rel":"","context":"Article similaire","img":{"alt_text":"","src":"","width":0,"height":0},"classes":[]},{"id":396,"url":"https:\/\/vivariumdemeyrin.ch\/?page_id=396","url_meta":{"origin":203,"position":4},"title":"Devenez Membres","date":"2 septembre 2016","format":false,"excerpt":"Vous avez \u00e9t\u00e9 s\u00e9duit par votre visite et vous souhaitez soutenir les activit\u00e9s du Vivarium de Meyrin\u00a0? Vous \u00eates herp\u00e9tologiste amateur, quel que soit votre niveau et souhaitez participer aux activit\u00e9s terrariophiles propos\u00e9es par l\u2019association\u00a0? Devenez membre de l\u2019association\u00a0Elapso\u00efdea \u2013 Vivarium de Meyrin\u00a0: Cotisation individuelle 50.- par ann\u00e9e. Pour ce\u2026","rel":"","context":"Article similaire","img":{"alt_text":"","src":"","width":0,"height":0},"classes":[]},{"id":72,"url":"https:\/\/vivariumdemeyrin.ch\/?page_id=72","url_meta":{"origin":203,"position":5},"title":"Devenez Membres ancien","date":"17 septembre 2015","format":false,"excerpt":"Vous \u00eates s\u00e9duit par l\u2019id\u00e9e de venir voir \u00e9voluer les animaux plusieurs fois dans l\u2019ann\u00e9e\u00a0? Devenez membre passif, individuel ou familial\u00a0: -\u00a0Cotisation individuelle\u00a0\u00a0\u00a0 50.- par Ou par BVR : Versement pour En Faveur de Banque Raiffeisen de Meyrin 1217 Meyrin IBAN : CH14 8020 6000 0030 5751 6 Association Elapsoidea-Vivarium\u2026","rel":"","context":"Article similaire","img":{"alt_text":"","src":"https:\/\/i0.wp.com\/vivariumdemeyrin.ch\/images\/site\/membre.jpg?resize=350%2C200","width":350,"height":200},"classes":[]}],"_links":{"self":[{"href":"https:\/\/vivariumdemeyrin.ch\/index.php?rest_route=\/wp\/v2\/pages\/203"}],"collection":[{"href":"https:\/\/vivariumdemeyrin.ch\/index.php?rest_route=\/wp\/v2\/pages"}],"about":[{"href":"https:\/\/vivariumdemeyrin.ch\/index.php?rest_route=\/wp\/v2\/types\/page"}],"author":[{"embeddable":true,"href":"https:\/\/vivariumdemeyrin.ch\/index.php?rest_route=\/wp\/v2\/users\/1"}],"replies":[{"embeddable":true,"href":"https:\/\/vivariumdemeyrin.ch\/index.php?rest_route=%2Fwp%2Fv2%2Fcomments&post=203"}],"version-history":[{"count":5,"href":"https:\/\/vivariumdemeyrin.ch\/index.php?rest_route=\/wp\/v2\/pages\/203\/revisions"}],"predecessor-version":[{"id":441,"href":"https:\/\/vivariumdemeyrin.ch\/index.php?rest_route=\/wp\/v2\/pages\/203\/revisions\/441"}],"wp:attachment":[{"href":"https:\/\/vivariumdemeyrin.ch\/index.php?rest_route=%2Fwp%2Fv2%2Fmedia&parent=203"}],"curies":[{"name":"wp","href":"https:\/\/api.w.org\/{rel}","templated":true}]}}